{"id":7472,"date":"2021-09-22T06:40:44","date_gmt":"2021-09-22T03:40:44","guid":{"rendered":"https:\/\/maknerteknoloji.com\/about-us\/"},"modified":"2024-10-15T17:39:06","modified_gmt":"2024-10-15T14:39:06","slug":"hakkimizda","status":"publish","type":"page","link":"https:\/\/maknerteknoloji.com\/tr\/hakkimizda\/","title":{"rendered":"Hakk\u0131m\u0131zda"},"content":{"rendered":"\t\t<div data-elementor-type=\"wp-page\" data-elementor-id=\"7472\" class=\"elementor elementor-7472 elementor-6080\">\n\t\t\t\t\t\t\t\t\t<section class=\"elementor-section elementor-top-section elementor-element elementor-element-78360efc elementor-section-boxed elementor-section-height-default elementor-section-height-default\" data-id=\"78360efc\" data-element_type=\"section\" data-settings=\"{&quot;background_background&quot;:&quot;classic&quot;}\">\n\t\t\t\t\t\t<div class=\"elementor-container elementor-column-gap-default\">\n\t\t\t\t\t<div class=\"elementor-column elementor-col-100 elementor-top-column elementor-element elementor-element-2077d5c1\" data-id=\"2077d5c1\" data-element_type=\"column\">\n\t\t\t<div class=\"elementor-widget-wrap elementor-element-populated\">\n\t\t\t\t\t\t\t\t<section class=\"elementor-section elementor-inner-section elementor-element elementor-element-ceeeedd elementor-section-boxed elementor-section-height-default elementor-section-height-default\" data-id=\"ceeeedd\" data-element_type=\"section\">\n\t\t\t\t\t\t<div class=\"elementor-container elementor-column-gap-default\">\n\t\t\t\t\t<div class=\"elementor-column elementor-col-50 elementor-inner-column elementor-element elementor-element-742ac248\" data-id=\"742ac248\" data-element_type=\"column\">\n\t\t\t<div class=\"elementor-widget-wrap elementor-element-populated\">\n\t\t\t\t\t\t\t\t<div class=\"elementor-element elementor-element-3610a4ba elementor-widget elementor-widget-hub_fancy_heading\" data-id=\"3610a4ba\" data-element_type=\"widget\" data-widget_type=\"hub_fancy_heading.default\">\n\t\t\t\t<div class=\"elementor-widget-container\">\n\t\t\t\n\t\t<div id=\"ld-fancy-heading-69eb9d14c96e6\" class=\"ld-fancy-heading pos-rel\">\n\t\t\t<h1 class=\"ld-fh-element d-inline-block pos-rel  elementor-heading-title lqd-highlight-classic lqd-highlight-grow-left h1\"  > Makner <\/h1>\t\t<\/div>\n\n\t\t\t\t<\/div>\n\t\t\t\t<\/div>\n\t\t\t\t\t<\/div>\n\t\t<\/div>\n\t\t\t\t<div class=\"elementor-column elementor-col-50 elementor-inner-column elementor-element elementor-element-203b8e36\" data-id=\"203b8e36\" data-element_type=\"column\">\n\t\t\t<div class=\"elementor-widget-wrap\">\n\t\t\t\t\t\t\t\t\t<\/div>\n\t\t<\/div>\n\t\t\t\t\t\t\t<\/div>\n\t\t<\/section>\n\t\t\t\t\t<\/div>\n\t\t<\/div>\n\t\t\t\t\t\t\t<\/div>\n\t\t<\/section>\n\t\t\t\t<section class=\"elementor-section elementor-top-section elementor-element elementor-element-33cc7514 elementor-section-boxed elementor-section-height-default elementor-section-height-default\" data-id=\"33cc7514\" data-element_type=\"section\" id=\"history\">\n\t\t\t\t\t\t<div class=\"elementor-container elementor-column-gap-default\">\n\t\t\t\t\t<div class=\"elementor-column elementor-col-50 elementor-top-column elementor-element elementor-element-57a414fb\" data-id=\"57a414fb\" data-element_type=\"column\">\n\t\t\t<div class=\"elementor-widget-wrap elementor-element-populated\">\n\t\t\t\t\t\t\t\t<div class=\"elementor-element elementor-element-4401c08a elementor-widget__width-auto elementor-widget elementor-widget-ld_fancy_image\" data-id=\"4401c08a\" data-element_type=\"widget\" data-widget_type=\"ld_fancy_image.default\">\n\t\t\t\t<div class=\"elementor-widget-container\">\n\t\t\t\n\t\t<div class=\"lqd-imggrp-single d-block pos-rel \" data-shadow-style=\"4\">\n\t\t\t<div class=\"lqd-imggrp-img-container d-inline-flex pos-rel align-items-center justify-content-center \">\n\t\t\t\t\t\t\t\t<figure class=\"w-100 pos-rel\">\n\t\t\t\t\t<img fetchpriority=\"high\" decoding=\"async\" width=\"800\" height=\"435\" src=\"https:\/\/maknerteknoloji.com\/wp-content\/uploads\/2023\/08\/about-us-1.jpg\" class=\"attachment-full size-full wp-image-6929\" alt=\"\" srcset=\"https:\/\/maknerteknoloji.com\/wp-content\/uploads\/2023\/08\/about-us-1.jpg 800w, https:\/\/maknerteknoloji.com\/wp-content\/uploads\/2023\/08\/about-us-1-300x163.jpg 300w\" sizes=\"(max-width: 800px) 100vw, 800px\" itemprop=\"image\" \/>\t\t\t\t\t\t\t\t\t\t\t\t\t\t\t\t\t\t\t\t\t\t\t\t\t\t\t\t\t<\/figure>\n\t\t\t<\/div>\n\t\t<\/div>\n\n\t\t\t<\/div>\n\t\t\t\t<\/div>\n\t\t\t\t<div class=\"elementor-element elementor-element-55843b88 elementor-widget__width-auto elementor-absolute elementor-widget elementor-widget-ld_fancy_image\" data-id=\"55843b88\" data-element_type=\"widget\" data-settings=\"{&quot;_position&quot;:&quot;absolute&quot;}\" data-widget_type=\"ld_fancy_image.default\">\n\t\t\t\t<div class=\"elementor-widget-container\">\n\t\t\t\n\t\t<div class=\"lqd-imggrp-single d-block pos-rel \" data-shadow-style=\"4\">\n\t\t\t<div class=\"lqd-imggrp-img-container d-inline-flex pos-rel align-items-center justify-content-center \">\n\t\t\t\t\t\t\t\t<figure class=\"w-100 pos-rel\">\n\t\t\t\t\t<img decoding=\"async\" width=\"552\" height=\"353\" src=\"data:image\/svg+xml;charset=utf-8,%3Csvg xmlns%3D&#039;http%3A%2F%2Fwww.w3.org%2F2000%2Fsvg&#039; viewBox%3D&#039;0 0 552 353&#039;%2F%3E\" class=\"attachment-full size-full wp-image-6928 ld-lazyload\" alt=\"\" itemprop=\"image\" data-src=\"https:\/\/maknerteknoloji.com\/wp-content\/uploads\/2023\/08\/about-us-2.jpg\" data-srcset=\"https:\/\/maknerteknoloji.com\/wp-content\/uploads\/2023\/08\/about-us-2.jpg 552w, https:\/\/maknerteknoloji.com\/wp-content\/uploads\/2023\/08\/about-us-2-300x192.jpg 300w\" data-sizes=\"(max-width: 552px) 100vw, 552px\" data-aspect=\"1.5637393767705\" \/>\t\t\t\t\t\t\t\t\t\t\t\t\t\t\t\t\t\t\t\t\t\t\t\t\t\t\t\t\t<\/figure>\n\t\t\t<\/div>\n\t\t<\/div>\n\n\t\t\t<\/div>\n\t\t\t\t<\/div>\n\t\t\t\t\t<\/div>\n\t\t<\/div>\n\t\t\t\t<div class=\"elementor-column elementor-col-50 elementor-top-column elementor-element elementor-element-3a998a8e\" data-id=\"3a998a8e\" data-element_type=\"column\">\n\t\t\t<div class=\"elementor-widget-wrap elementor-element-populated\">\n\t\t\t\t\t\t\t\t<section class=\"elementor-section elementor-inner-section elementor-element elementor-element-1c4249f6 elementor-section-boxed elementor-section-height-default elementor-section-height-default\" data-id=\"1c4249f6\" data-element_type=\"section\">\n\t\t\t\t\t\t<div class=\"elementor-container elementor-column-gap-default\">\n\t\t\t\t\t<div class=\"elementor-column elementor-col-100 elementor-inner-column elementor-element elementor-element-4c7f6fad\" data-id=\"4c7f6fad\" data-element_type=\"column\">\n\t\t\t<div class=\"elementor-widget-wrap elementor-element-populated\">\n\t\t\t\t\t\t\t\t<div class=\"elementor-element elementor-element-69fd2076 elementor-widget__width-auto elementor-widget elementor-widget-hub_fancy_heading\" data-id=\"69fd2076\" data-element_type=\"widget\" data-widget_type=\"hub_fancy_heading.default\">\n\t\t\t\t<div class=\"elementor-widget-container\">\n\t\t\t\n\t\t<div id=\"ld-fancy-heading-69eb9d14dacad\" class=\"ld-fancy-heading pos-rel\">\n\t\t\t<h4 class=\"ld-fh-element d-inline-block pos-rel  elementor-heading-title lqd-highlight-classic lqd-highlight-grow-left h4\"  > HAKKIMIZDA<\/h4>\t\t<\/div>\n\n\t\t\t\t<\/div>\n\t\t\t\t<\/div>\n\t\t\t\t\t<\/div>\n\t\t<\/div>\n\t\t\t\t\t\t\t<\/div>\n\t\t<\/section>\n\t\t\t\t<div class=\"elementor-element elementor-element-28fb7fc elementor-widget elementor-widget-hub_fancy_heading\" data-id=\"28fb7fc\" data-element_type=\"widget\" data-widget_type=\"hub_fancy_heading.default\">\n\t\t\t\t<div class=\"elementor-widget-container\">\n\t\t\t\n\t\t<div id=\"ld-fancy-heading-69eb9d14db743\" class=\"ld-fancy-heading pos-rel\">\n\t\t\t<h2 class=\"ld-fh-element d-inline-block pos-rel  elementor-heading-title lqd-highlight-classic lqd-highlight-grow-left h2\"  > Makner<\/br>\n<i>Define the Limits<\/i><\/h2>\t\t<\/div>\n\n\t\t\t\t<\/div>\n\t\t\t\t<\/div>\n\t\t\t\t<div class=\"elementor-element elementor-element-2e396e5 elementor-widget elementor-widget-text-editor\" data-id=\"2e396e5\" data-element_type=\"widget\" data-widget_type=\"text-editor.default\">\n\t\t\t\t<div class=\"elementor-widget-container\">\n\t\t\t<style>\/*! elementor - v3.18.0 - 06-12-2023 *\/\n.elementor-widget-text-editor.elementor-drop-cap-view-stacked .elementor-drop-cap{background-color:#69727d;color:#fff}.elementor-widget-text-editor.elementor-drop-cap-view-framed .elementor-drop-cap{color:#69727d;border:3px solid;background-color:transparent}.elementor-widget-text-editor:not(.elementor-drop-cap-view-default) .elementor-drop-cap{margin-top:8px}.elementor-widget-text-editor:not(.elementor-drop-cap-view-default) .elementor-drop-cap-letter{width:1em;height:1em}.elementor-widget-text-editor .elementor-drop-cap{float:left;text-align:center;line-height:1;font-size:50px}.elementor-widget-text-editor .elementor-drop-cap-letter{display:inline-block}<\/style>\t\t\t\t<p>Misyonumuz Savunma Sanayi, Elektrikli Ara\u00e7lar, Robotik, Medikal ve End\u00fcstriyel sekt\u00f6rlere y\u00f6nelik yerli ve kaliteli \u00e7\u00f6z\u00fcmler sunarak elektrik motoru sekt\u00f6r\u00fcnde lider firma olmakt\u0131r. \u00d6zel geli\u015ftirilmi\u015f BLDC ve PMSM motorlar\u0131m\u0131z, PM generat\u00f6rlerimiz ve kompozit \u00fcr\u00fcnlerimizle bu alanlarda s\u00fcrd\u00fcr\u00fclebilir ve verimli bir gelece\u011fe katk\u0131da bulunmay\u0131 hedeflemekteyiz.<\/p>\t\t\t\t\t\t<\/div>\n\t\t\t\t<\/div>\n\t\t\t\t\t<\/div>\n\t\t<\/div>\n\t\t\t\t\t\t\t<\/div>\n\t\t<\/section>\n\t\t\t\t<section class=\"elementor-section elementor-top-section elementor-element elementor-element-7efe05f1 elementor-section-boxed elementor-section-height-default elementor-section-height-default\" data-id=\"7efe05f1\" data-element_type=\"section\" id=\"consultancy\" data-settings=\"{&quot;background_background&quot;:&quot;video&quot;,&quot;background_video_link&quot;:&quot;https:\\\/\\\/corporatepro.liquid-themes.com\\\/wp-content\\\/uploads\\\/2021\\\/01\\\/vid-1.mp4&quot;,&quot;background_play_on_mobile&quot;:&quot;yes&quot;}\">\n\t\t\t\t\t\t\t\t<div class=\"elementor-background-video-container\">\n\t\t\t\t\t\t\t\t\t\t\t\t\t<video class=\"elementor-background-video-hosted elementor-html5-video\" autoplay muted playsinline loop><\/video>\n\t\t\t\t\t\t\t\t\t\t\t<\/div>\n\t\t\t\t\t\t\t\t<div class=\"elementor-container elementor-column-gap-default\">\n\t\t\t\t\t<div data-parallax=\"true\" data-parallax-options=\"{&quot;ease&quot;:[&quot;linear&quot;],&quot;start&quot;:&quot;top bottom&quot;,&quot;end&quot;:&quot;bottom+=0px top&quot;}\" data-parallax-from=\"{&quot;y&quot;:&quot;100px&quot;}\" data-parallax-to=\"{&quot;y&quot;:&quot;-100px&quot;}\" class=\"elementor-column elementor-col-100 elementor-top-column elementor-element elementor-element-495edc26\" data-id=\"495edc26\" data-element_type=\"column\" data-settings=\"{&quot;background_background&quot;:&quot;classic&quot;}\">\n\t\t\t<div class=\"elementor-widget-wrap elementor-element-populated\">\n\t\t\t\t\t\t\t\t<section class=\"elementor-section elementor-inner-section elementor-element elementor-element-2d93d137 elementor-section-boxed elementor-section-height-default elementor-section-height-default\" data-id=\"2d93d137\" data-element_type=\"section\">\n\t\t\t\t\t\t<div class=\"elementor-container elementor-column-gap-default\">\n\t\t\t\t\t<div class=\"elementor-column elementor-col-50 elementor-inner-column elementor-element elementor-element-2f43e44a\" data-id=\"2f43e44a\" data-element_type=\"column\">\n\t\t\t<div class=\"elementor-widget-wrap elementor-element-populated\">\n\t\t\t\t\t\t\t\t<div class=\"elementor-element elementor-element-196ec0af elementor-widget elementor-widget-hub_fancy_heading\" data-id=\"196ec0af\" data-element_type=\"widget\" data-widget_type=\"hub_fancy_heading.default\">\n\t\t\t\t<div class=\"elementor-widget-container\">\n\t\t\t\n\t\t<div id=\"ld-fancy-heading-69eb9d14ddaf8\" class=\"ld-fancy-heading pos-rel\">\n\t\t\t<h6 class=\"ld-fh-element d-inline-block pos-rel  elementor-heading-title lqd-highlight-classic lqd-highlight-grow-left h6\"  > V\u0130ZYONUMUZ<\/h6>\t\t<\/div>\n\n\t\t\t\t<\/div>\n\t\t\t\t<\/div>\n\t\t\t\t<div class=\"elementor-element elementor-element-4afb9362 elementor-widget elementor-widget-hub_fancy_heading\" data-id=\"4afb9362\" data-element_type=\"widget\" data-widget_type=\"hub_fancy_heading.default\">\n\t\t\t\t<div class=\"elementor-widget-container\">\n\t\t\t\n\t\t<div id=\"ld-fancy-heading-69eb9d14de0e6\" class=\"ld-fancy-heading pos-rel\">\n\t\t\t<p class=\"ld-fh-element d-inline-block pos-rel  lqd-highlight-classic lqd-highlight-grow-left p\"  > Vizyonumuz, \u00f6ncelikle \u00fclkemizde ve sonras\u0131nda d\u00fcnya genelinde yenilik\u00e7ili\u011fe ve m\u00fckemmelli\u011fe \u00f6nc\u00fcl\u00fck etmektir. \u00dcr\u00fcnlerimizin teknolojik geli\u015fmelere y\u00f6n verdi\u011fi ve heyecan verici bir d\u00fcnya \u015fekillendirdi\u011fi bir gelecek hayal ediyoruz.<\/p>\t\t<\/div>\n\n\t\t\t\t<\/div>\n\t\t\t\t<\/div>\n\t\t\t\t\t<\/div>\n\t\t<\/div>\n\t\t\t\t<div class=\"elementor-column elementor-col-50 elementor-inner-column elementor-element elementor-element-e08185e\" data-id=\"e08185e\" data-element_type=\"column\">\n\t\t\t<div class=\"elementor-widget-wrap elementor-element-populated\">\n\t\t\t\t\t\t\t\t<div class=\"elementor-element elementor-element-59c059bd elementor-align-center elementor-widget elementor-widget-ld_counter\" data-id=\"59c059bd\" data-element_type=\"widget\" data-widget_type=\"ld_counter.default\">\n\t\t\t\t<div class=\"elementor-widget-container\">\n\t\t\t\n\t\t<div id=\"lqd-counter-59c059bd\" class=\"lqd-counter pos-rel center lqd-counter-default\">\n\n\t\t\t\n\t\t\t<div class=\"lqd-counter-element pos-rel \" data-enable-counter=\"true\" data-counter-options=\"{&quot;targetNumber&quot;:&quot;9&quot;}\">\n\t\t\t\t<span class=\"d-block\">9<\/span>\t\t\t<\/div>\n\n\t\t\t\n\t\t<\/div>\n\n\t\t\t\t<\/div>\n\t\t\t\t<\/div>\n\t\t\t\t<div class=\"elementor-element elementor-element-1f5206df elementor-widget elementor-widget-spacer\" data-id=\"1f5206df\" data-element_type=\"widget\" data-widget_type=\"spacer.default\">\n\t\t\t\t<div class=\"elementor-widget-container\">\n\t\t\t<style>\/*! elementor - v3.18.0 - 06-12-2023 *\/\n.elementor-column .elementor-spacer-inner{height:var(--spacer-size)}.e-con{--container-widget-width:100%}.e-con-inner>.elementor-widget-spacer,.e-con>.elementor-widget-spacer{width:var(--container-widget-width,var(--spacer-size));--align-self:var(--container-widget-align-self,initial);--flex-shrink:0}.e-con-inner>.elementor-widget-spacer>.elementor-widget-container,.e-con>.elementor-widget-spacer>.elementor-widget-container{height:100%;width:100%}.e-con-inner>.elementor-widget-spacer>.elementor-widget-container>.elementor-spacer,.e-con>.elementor-widget-spacer>.elementor-widget-container>.elementor-spacer{height:100%}.e-con-inner>.elementor-widget-spacer>.elementor-widget-container>.elementor-spacer>.elementor-spacer-inner,.e-con>.elementor-widget-spacer>.elementor-widget-container>.elementor-spacer>.elementor-spacer-inner{height:var(--container-widget-height,var(--spacer-size))}.e-con-inner>.elementor-widget-spacer.elementor-widget-empty,.e-con>.elementor-widget-spacer.elementor-widget-empty{position:relative;min-height:22px;min-width:22px}.e-con-inner>.elementor-widget-spacer.elementor-widget-empty .elementor-widget-empty-icon,.e-con>.elementor-widget-spacer.elementor-widget-empty .elementor-widget-empty-icon{position:absolute;top:0;bottom:0;left:0;right:0;margin:auto;padding:0;width:22px;height:22px}<\/style>\t\t<div class=\"elementor-spacer\">\n\t\t\t<div class=\"elementor-spacer-inner\"><\/div>\n\t\t<\/div>\n\t\t\t\t<\/div>\n\t\t\t\t<\/div>\n\t\t\t\t<div class=\"elementor-element elementor-element-4a5db8b2 elementor-widget elementor-widget-hub_fancy_heading\" data-id=\"4a5db8b2\" data-element_type=\"widget\" data-widget_type=\"hub_fancy_heading.default\">\n\t\t\t\t<div class=\"elementor-widget-container\">\n\t\t\t\n\t\t<div id=\"ld-fancy-heading-69eb9d14df776\" class=\"ld-fancy-heading pos-rel\">\n\t\t\t<p class=\"ld-fh-element d-inline-block pos-rel  lqd-highlight-classic lqd-highlight-grow-left p\"  > SENEL\u0130K DENEY\u0130M \u0130LE<\/p>\t\t<\/div>\n\n\t\t\t\t<\/div>\n\t\t\t\t<\/div>\n\t\t\t\t\t<\/div>\n\t\t<\/div>\n\t\t\t\t\t\t\t<\/div>\n\t\t<\/section>\n\t\t\t\t\t<\/div>\n\t\t<\/div>\n\t\t\t\t\t\t\t<\/div>\n\t\t<\/section>\n\t\t\t\t\t\t\t<\/div>\n\t\t","protected":false},"excerpt":{"rendered":"<p>Makner HAKKIMIZDA Makner Define the Limits Misyonumuz Savunma Sanayi, Elektrikli Ara\u00e7lar, Robotik, Medikal ve End\u00fcstriyel sekt\u00f6rlere y\u00f6nelik yerli ve kaliteli \u00e7\u00f6z\u00fcmler sunarak elektrik motoru sekt\u00f6r\u00fcnde lider firma olmakt\u0131r. \u00d6zel geli\u015ftirilmi\u015f BLDC ve PMSM motorlar\u0131m\u0131z, PM generat\u00f6rlerimiz ve kompozit \u00fcr\u00fcnlerimizle bu alanlarda s\u00fcrd\u00fcr\u00fclebilir ve verimli bir gelece\u011fe katk\u0131da bulunmay\u0131 hedeflemekteyiz. V\u0130ZYONUMUZ Vizyonumuz, \u00f6ncelikle \u00fclkemizde ve sonras\u0131nda [&hellip;]<\/p>\n","protected":false},"author":1,"featured_media":0,"parent":0,"menu_order":0,"comment_status":"closed","ping_status":"closed","template":"","meta":{"footnotes":""},"class_list":["post-7472","page","type-page","status-publish","hentry"],"_links":{"self":[{"href":"https:\/\/maknerteknoloji.com\/tr\/wp-json\/wp\/v2\/pages\/7472","targetHints":{"allow":["GET"]}}],"collection":[{"href":"https:\/\/maknerteknoloji.com\/tr\/wp-json\/wp\/v2\/pages"}],"about":[{"href":"https:\/\/maknerteknoloji.com\/tr\/wp-json\/wp\/v2\/types\/page"}],"author":[{"embeddable":true,"href":"https:\/\/maknerteknoloji.com\/tr\/wp-json\/wp\/v2\/users\/1"}],"replies":[{"embeddable":true,"href":"https:\/\/maknerteknoloji.com\/tr\/wp-json\/wp\/v2\/comments?post=7472"}],"version-history":[{"count":11,"href":"https:\/\/maknerteknoloji.com\/tr\/wp-json\/wp\/v2\/pages\/7472\/revisions"}],"predecessor-version":[{"id":7836,"href":"https:\/\/maknerteknoloji.com\/tr\/wp-json\/wp\/v2\/pages\/7472\/revisions\/7836"}],"wp:attachment":[{"href":"https:\/\/maknerteknoloji.com\/tr\/wp-json\/wp\/v2\/media?parent=7472"}],"curies":[{"name":"wp","href":"https:\/\/api.w.org\/{rel}","templated":true}]}}