{"id":7479,"date":"2023-06-09T12:56:13","date_gmt":"2023-06-09T09:56:13","guid":{"rendered":"https:\/\/maknerteknoloji.com\/career\/"},"modified":"2023-12-08T16:40:42","modified_gmt":"2023-12-08T13:40:42","slug":"kariyer","status":"publish","type":"page","link":"https:\/\/maknerteknoloji.com\/tr\/kariyer\/","title":{"rendered":"Kariyer"},"content":{"rendered":"\t\t<div data-elementor-type=\"wp-page\" data-elementor-id=\"7479\" class=\"elementor elementor-7479 elementor-6401\">\n\t\t\t\t\t\t\t\t\t<section class=\"elementor-section elementor-top-section elementor-element elementor-element-4b6e8cc elementor-section-boxed elementor-section-height-default elementor-section-height-default\" data-id=\"4b6e8cc\" data-element_type=\"section\" data-settings=\"{&quot;background_background&quot;:&quot;classic&quot;}\">\n\t\t\t\t\t\t<div class=\"elementor-container elementor-column-gap-default\">\n\t\t\t\t\t<div class=\"elementor-column elementor-col-100 elementor-top-column elementor-element elementor-element-b6b6a6d\" data-id=\"b6b6a6d\" data-element_type=\"column\">\n\t\t\t<div class=\"elementor-widget-wrap elementor-element-populated\">\n\t\t\t\t\t\t\t\t<div class=\"elementor-element elementor-element-12e37db elementor-widget elementor-widget-hub_fancy_heading\" data-id=\"12e37db\" data-element_type=\"widget\" data-widget_type=\"hub_fancy_heading.default\">\n\t\t\t\t<div class=\"elementor-widget-container\">\n\t\t\t\n\t\t<div id=\"ld-fancy-heading-69eba63f31023\" class=\"ld-fancy-heading pos-rel\">\n\t\t\t\t\t<\/div>\n\n\t\t\t\t<\/div>\n\t\t\t\t<\/div>\n\t\t\t\t<section class=\"elementor-section elementor-inner-section elementor-element elementor-element-c83d1ce elementor-section-boxed elementor-section-height-default elementor-section-height-default\" data-id=\"c83d1ce\" data-element_type=\"section\">\n\t\t\t\t\t\t<div class=\"elementor-container elementor-column-gap-default\">\n\t\t\t\t\t<div class=\"elementor-column elementor-col-50 elementor-inner-column elementor-element elementor-element-d3156df\" data-id=\"d3156df\" data-element_type=\"column\">\n\t\t\t<div class=\"elementor-widget-wrap elementor-element-populated\">\n\t\t\t\t\t\t\t\t<div class=\"elementor-element elementor-element-7c440fb elementor-widget elementor-widget-hub_fancy_heading\" data-id=\"7c440fb\" data-element_type=\"widget\" data-widget_type=\"hub_fancy_heading.default\">\n\t\t\t\t<div class=\"elementor-widget-container\">\n\t\t\t\n\t\t<div id=\"ld-fancy-heading-69eba63f328a6\" class=\"ld-fancy-heading pos-rel\">\n\t\t\t<h1 class=\"ld-fh-element d-inline-block pos-rel  elementor-heading-title lqd-highlight-classic lqd-highlight-grow-left h1\"  > Makner Kariyer<\/h1>\t\t<\/div>\n\n\t\t\t\t<\/div>\n\t\t\t\t<\/div>\n\t\t\t\t\t<\/div>\n\t\t<\/div>\n\t\t\t\t<div class=\"elementor-column elementor-col-50 elementor-inner-column elementor-element elementor-element-b0805c3\" data-id=\"b0805c3\" data-element_type=\"column\">\n\t\t\t<div class=\"elementor-widget-wrap\">\n\t\t\t\t\t\t\t\t\t<\/div>\n\t\t<\/div>\n\t\t\t\t\t\t\t<\/div>\n\t\t<\/section>\n\t\t\t\t\t<\/div>\n\t\t<\/div>\n\t\t\t\t\t\t\t<\/div>\n\t\t<\/section>\n\t\t\t\t<section class=\"elementor-section elementor-top-section elementor-element elementor-element-7c167aa4 elementor-section-full_width elementor-section-content-middle elementor-reverse-mobile elementor-section-height-default elementor-section-height-default\" data-id=\"7c167aa4\" data-element_type=\"section\">\n\t\t\t\t\t\t<div class=\"elementor-container elementor-column-gap-no\">\n\t\t\t\t\t<div data-custom-animations=\"true\" data-ca-options=\"{&quot;addChildTimelines&quot;:false,&quot;animationTarget&quot;:&quot;:scope &gt; .elementor-widget-wrap &gt; .elementor-element &gt; .elementor-widget-container, :scope &gt; .elementor-widget-wrap &gt; .elementor-section &gt; .elementor-container &gt; .elementor-column &gt; .elementor-widget-wrap &gt; .elementor-element:not(.lqd-el-has-inner-anim) &gt; .elementor-widget-container, :scope &gt; .elementor-widget-wrap &gt; .elementor-widget-hub_fancy_heading .lqd-split-lines .lqd-lines .split-inner, :scope &gt; .elementor-widget-wrap &gt; .elementor-widget-hub_fancy_heading .lqd-split-words .lqd-words .split-inner, :scope &gt; .elementor-widget-wrap &gt; .elementor-widget-hub_fancy_heading .lqd-split-chars .lqd-chars .split-inner, :scope &gt; .elementor-widget-wrap &gt; .elementor-widget-ld_custom_menu .lqd-fancy-menu &gt; ul &gt; li&quot;,&quot;duration&quot;:1800,&quot;delay&quot;:180,&quot;ease&quot;:[&quot;power4.out&quot;],&quot;initValues&quot;:{&quot;y&quot;:&quot;35px&quot;,&quot;opacity&quot;:0},&quot;animations&quot;:{&quot;y&quot;:&quot;0px&quot;,&quot;opacity&quot;:1}}\" class=\"elementor-column elementor-col-50 elementor-top-column elementor-element elementor-element-3acd6cf4\" data-id=\"3acd6cf4\" data-element_type=\"column\">\n\t\t\t<div class=\"elementor-widget-wrap elementor-element-populated\">\n\t\t\t\t\t\t\t\t<div class=\"elementor-element elementor-element-2d2c9b92 elementor-widget__width-auto elementor-widget elementor-widget-hub_fancy_heading\" data-id=\"2d2c9b92\" data-element_type=\"widget\" data-widget_type=\"hub_fancy_heading.default\">\n\t\t\t\t<div class=\"elementor-widget-container\">\n\t\t\t\n\t\t<div id=\"ld-fancy-heading-69eba63f34ef1\" class=\"ld-fancy-heading pos-rel\">\n\t\t\t<h6 class=\"ld-fh-element d-inline-block pos-rel  elementor-heading-title lqd-highlight-classic lqd-highlight-grow-left h6\"  > 08\/2023<\/h6>\t\t<\/div>\n\n\t\t\t\t<\/div>\n\t\t\t\t<\/div>\n\t\t\t\t<div class=\"elementor-element elementor-element-0881389 elementor-widget elementor-widget-accordion\" data-id=\"0881389\" data-element_type=\"widget\" data-widget_type=\"accordion.default\">\n\t\t\t\t<div class=\"elementor-widget-container\">\n\t\t\t<style>\/*! elementor - v3.18.0 - 06-12-2023 *\/\n.elementor-accordion{text-align:left}.elementor-accordion .elementor-accordion-item{border:1px solid #d5d8dc}.elementor-accordion .elementor-accordion-item+.elementor-accordion-item{border-top:none}.elementor-accordion .elementor-tab-title{margin:0;padding:15px 20px;font-weight:700;line-height:1;cursor:pointer;outline:none}.elementor-accordion .elementor-tab-title .elementor-accordion-icon{display:inline-block;width:1.5em}.elementor-accordion .elementor-tab-title .elementor-accordion-icon svg{width:1em;height:1em}.elementor-accordion .elementor-tab-title .elementor-accordion-icon.elementor-accordion-icon-right{float:right;text-align:right}.elementor-accordion .elementor-tab-title .elementor-accordion-icon.elementor-accordion-icon-left{float:left;text-align:left}.elementor-accordion .elementor-tab-title .elementor-accordion-icon .elementor-accordion-icon-closed{display:block}.elementor-accordion .elementor-tab-title .elementor-accordion-icon .elementor-accordion-icon-opened,.elementor-accordion .elementor-tab-title.elementor-active .elementor-accordion-icon-closed{display:none}.elementor-accordion .elementor-tab-title.elementor-active .elementor-accordion-icon-opened{display:block}.elementor-accordion .elementor-tab-content{display:none;padding:15px 20px;border-top:1px solid #d5d8dc}@media (max-width:767px){.elementor-accordion .elementor-tab-title{padding:12px 15px}.elementor-accordion .elementor-tab-title .elementor-accordion-icon{width:1.2em}.elementor-accordion .elementor-tab-content{padding:7px 15px}}.e-con-inner>.elementor-widget-accordion,.e-con>.elementor-widget-accordion{width:var(--container-widget-width);--flex-grow:var(--container-widget-flex-grow)}<\/style>\t\t<div class=\"elementor-accordion\">\n\t\t\t\t\t\t\t<div class=\"elementor-accordion-item\">\n\t\t\t\t\t<div id=\"elementor-tab-title-8911\" class=\"elementor-tab-title\" data-tab=\"1\" role=\"button\" aria-controls=\"elementor-tab-content-8911\" aria-expanded=\"false\">\n\t\t\t\t\t\t\t\t\t\t\t\t\t<span class=\"elementor-accordion-icon elementor-accordion-icon-left\" aria-hidden=\"true\">\n\t\t\t\t\t\t\t\t\t\t\t\t\t\t\t<span class=\"elementor-accordion-icon-closed\"><i class=\"fas fa-plus\"><\/i><\/span>\n\t\t\t\t\t\t\t\t<span class=\"elementor-accordion-icon-opened\"><i class=\"fas fa-minus\"><\/i><\/span>\n\t\t\t\t\t\t\t\t\t\t\t\t\t\t<\/span>\n\t\t\t\t\t\t\t\t\t\t\t\t<a class=\"elementor-accordion-title\" tabindex=\"0\">Pozisyon: Mekanik Montaj Operat\u00f6r\u00fc<\/a>\n\t\t\t\t\t<\/div>\n\t\t\t\t\t<div id=\"elementor-tab-content-8911\" class=\"elementor-tab-content elementor-clearfix\" data-tab=\"1\" role=\"region\" aria-labelledby=\"elementor-tab-title-8911\"><p><em><strong>Yer: \u0130zmir<\/strong><\/em><br \/><em><strong>\u0130\u015f T\u00fcr\u00fc: Tam Zamanl\u0131<\/strong><\/em><\/p><p><strong>Tan\u0131m:<\/strong><\/p><p>Ekibimize kat\u0131lmak \u00fczere el becerisi geli\u015fmi\u015f ve detay odakl\u0131 bir Mekanik Montaj Operat\u00f6r\u00fc ar\u0131yoruz. Mekanik montaj konusunda deneyimli, hassasiyet konusunda \u00f6zenli ve kaliteli i\u015f \u00fcretme kararl\u0131l\u0131\u011f\u0131na sahip olunmal\u0131d\u0131r. Karma\u015f\u0131k sistemleri bir araya getirme ve i\u015flevselliklerini sa\u011flama konusunda istekliyseniz ba\u015fvurman\u0131z\u0131 \u00f6neririz.<\/p><p><strong>Sorumluluklar:<\/strong><\/p><ul><li>M\u00fchendislik \u00e7izimlerine ve \u00e7al\u0131\u015fma talimatlar\u0131na g\u00f6re mekanik montaj i\u015flemlerini ger\u00e7ekle\u015ftirmek.<\/li><li>Bile\u015fenlerin s\u0131k\u0131 toleranslara do\u011fru \u015fekilde hizalanmas\u0131n\u0131, tak\u0131lmas\u0131n\u0131 ve sabitlenmesini sa\u011flamak.<\/li><li>\u00dcr\u00fcn standartlar\u0131n\u0131 korumak i\u00e7in montaj s\u0131ras\u0131nda ve sonras\u0131nda rutin kalite kontrolleri yapmak.<\/li><li>Montaj sorunlar\u0131n\u0131 gidermek ve \u00e7\u00f6zmek i\u00e7in ekip \u00fcyeleriyle i\u015f birli\u011fi yapmak.<\/li><li>\u00c7al\u0131\u015fma alan\u0131n\u0131 temiz ve \u00f6zenli tutmak, ekipmanlar\u0131 amac\u0131 do\u011frultusunda kullanmak.<\/li><\/ul><p><strong>Nitelikler:<\/strong><\/p><ul><li>Lise diplomas\u0131 veya \u00fcst\u00fc.<\/li><li>Mekanik montaj operasyonlar\u0131nda deneyim.<\/li><li>Teknik resim okuma ve yorumlama becerisine sahip.<\/li><li>Erkek adaylar i\u00e7in askerlik hizmetini tamamlam\u0131\u015f olmak<\/li><li>Tercihen B s\u0131n\u0131f\u0131 s\u00fcr\u00fcc\u00fc belgesine sahip<\/li><\/ul><\/div>\n\t\t\t\t<\/div>\n\t\t\t\t\t\t\t<div class=\"elementor-accordion-item\">\n\t\t\t\t\t<div id=\"elementor-tab-title-8912\" class=\"elementor-tab-title\" data-tab=\"2\" role=\"button\" aria-controls=\"elementor-tab-content-8912\" aria-expanded=\"false\">\n\t\t\t\t\t\t\t\t\t\t\t\t\t<span class=\"elementor-accordion-icon elementor-accordion-icon-left\" aria-hidden=\"true\">\n\t\t\t\t\t\t\t\t\t\t\t\t\t\t\t<span class=\"elementor-accordion-icon-closed\"><i class=\"fas fa-plus\"><\/i><\/span>\n\t\t\t\t\t\t\t\t<span class=\"elementor-accordion-icon-opened\"><i class=\"fas fa-minus\"><\/i><\/span>\n\t\t\t\t\t\t\t\t\t\t\t\t\t\t<\/span>\n\t\t\t\t\t\t\t\t\t\t\t\t<a class=\"elementor-accordion-title\" tabindex=\"0\">Pozisyon: Elektrik Elektronik M\u00fchendisi<\/a>\n\t\t\t\t\t<\/div>\n\t\t\t\t\t<div id=\"elementor-tab-content-8912\" class=\"elementor-tab-content elementor-clearfix\" data-tab=\"2\" role=\"region\" aria-labelledby=\"elementor-tab-title-8912\"><p><em><strong>Yer: \u0130zmir<\/strong><\/em><br \/><em><strong>\u0130\u015f T\u00fcr\u00fc: Tam Zamanl\u0131<\/strong><\/em><\/p><p><strong>Tan\u0131m:<\/strong><\/p><p>Ekibimize kat\u0131lmak \u00fczere i\u015f motivasyonu y\u00fcksek arkada\u015flar ar\u0131yoruz. Ara\u015ft\u0131rma ve geli\u015ftirme tutkusu y\u00fcksek, elektrik motorlar\u0131 ile alternatif enerji sekt\u00f6r\u00fcne yo\u011fun ilgili, g\u00fc\u00e7l\u00fc \u0130ngilizce dil becerisine sahip ve askerlik hizmetini tamamlam\u0131\u015f (erkek adaylar i\u00e7in) adaylar, yenilik\u00e7i projelerimize katk\u0131da bulunabilir.<\/p><p><strong>Sorumluluklar:<\/strong><\/p><ul><li>Elektrik motorlar\u0131 ve alternatif enerji teknolojileri alan\u0131nda ara\u015ft\u0131rma, tasar\u0131m ve geli\u015ftirme \u00e7al\u0131\u015fmalar\u0131na katk\u0131da bulunmak.<\/li><li>\u00dcretim s\u00fcre\u00e7lerini optimize etmek ve \u00fcr\u00fcn performans\u0131n\u0131 art\u0131rmak i\u00e7in ekiplerle \u00e7al\u0131\u015fmalar yapmak.<\/li><li>Teknik verileri analiz edip yorumlamak ve iyile\u015ftirmeler i\u00e7in \u00f6ng\u00f6r\u00fcler sa\u011flamak.<\/li><li>\u00dcr\u00fcnlerimizin kalitesini ve g\u00fcvenilirli\u011fini sa\u011flamak i\u00e7in sorun \u00e7\u00f6zme ve sorun gidermeye katk\u0131da bulunmak.<\/li><li>Sekt\u00f6r trendleri ve geli\u015fmeleri takip etmek.<\/li><\/ul><p><strong>Nitelikler:<\/strong><\/p><ul><li>Elektrik-Elektronik M\u00fchendisli\u011fi lisans derecesi.<\/li><li>\u0130ngilizce&#8217;de g\u00fc\u00e7l\u00fc ileti\u015fim becerileri.<\/li><li>Askerlik hizmetini tamamlam\u0131\u015f (Erkek adaylar i\u00e7in).<\/li><li>Elektrik motorlar\u0131 ve alternatif enerji sekt\u00f6r\u00fcnde ara\u015ft\u0131rma ve geli\u015ftirme tutkusu.<\/li><\/ul><\/div>\n\t\t\t\t<\/div>\n\t\t\t\t\t\t\t\t<\/div>\n\t\t\t\t<\/div>\n\t\t\t\t<\/div>\n\t\t\t\t\t<\/div>\n\t\t<\/div>\n\t\t\t\t<div class=\"elementor-column elementor-col-50 elementor-top-column elementor-element elementor-element-51a587f overflow-hidden\" data-id=\"51a587f\" data-element_type=\"column\">\n\t\t\t<div class=\"elementor-widget-wrap elementor-element-populated\">\n\t\t\t\t\t\t\t\t<div data-parallax=\"true\" data-parallax-options=\"{&quot;ease&quot;:[&quot;linear&quot;],&quot;start&quot;:&quot;top bottom&quot;,&quot;end&quot;:&quot;bottom+=0px top&quot;}\" data-parallax-from=\"{&quot;y&quot;:&quot;-120px&quot;}\" data-parallax-to=\"{&quot;y&quot;:&quot;120px&quot;}\" class=\"elementor-element elementor-element-7eb3071e elementor-widget elementor-widget-ld_fancy_image\" data-id=\"7eb3071e\" data-element_type=\"widget\" data-widget_type=\"ld_fancy_image.default\">\n\t\t\t\t<div class=\"elementor-widget-container\">\n\t\t\t\n\t\t<div class=\"lqd-imggrp-single d-block pos-rel \">\n\t\t\t<div class=\"lqd-imggrp-img-container d-inline-flex pos-rel align-items-center justify-content-center \">\n\t\t\t\t\t\t\t\t<figure class=\"w-100 pos-rel\">\n\t\t\t\t\t<img fetchpriority=\"high\" decoding=\"async\" width=\"1486\" height=\"1300\" src=\"https:\/\/maknerteknoloji.com\/wp-content\/uploads\/2021\/09\/img-3@2x.jpg\" class=\"attachment-full size-full wp-image-6116\" alt=\"\" srcset=\"https:\/\/maknerteknoloji.com\/wp-content\/uploads\/2021\/09\/img-3@2x.jpg 1486w, https:\/\/maknerteknoloji.com\/wp-content\/uploads\/2021\/09\/img-3@2x-300x262.jpg 300w, https:\/\/maknerteknoloji.com\/wp-content\/uploads\/2021\/09\/img-3@2x-1024x896.jpg 1024w\" sizes=\"(max-width: 1486px) 100vw, 1486px\" itemprop=\"image\" \/>\t\t\t\t\t\t\t\t\t\t\t\t\t\t\t\t\t\t\t\t\t\t\t\t\t\t\t\t\t<\/figure>\n\t\t\t<\/div>\n\t\t<\/div>\n\n\t\t\t<\/div>\n\t\t\t\t<\/div>\n\t\t\t\t\t<\/div>\n\t\t<\/div>\n\t\t\t\t\t\t\t<\/div>\n\t\t<\/section>\n\t\t<div class=\"elementor-element elementor-element-070a815 e-flex e-con-boxed e-con e-parent\" data-id=\"070a815\" data-element_type=\"container\" data-settings=\"{&quot;content_width&quot;:&quot;boxed&quot;}\" data-core-v316-plus=\"true\">\n\t\t\t\t\t<div class=\"e-con-inner\">\n\t\t\t\t<div class=\"elementor-element elementor-element-d3c838c elementor-widget elementor-widget-heading\" data-id=\"d3c838c\" data-element_type=\"widget\" data-widget_type=\"heading.default\">\n\t\t\t\t<div class=\"elementor-widget-container\">\n\t\t\t<style>\/*! elementor - v3.18.0 - 06-12-2023 *\/\n.elementor-heading-title{padding:0;margin:0;line-height:1}.elementor-widget-heading .elementor-heading-title[class*=elementor-size-]>a{color:inherit;font-size:inherit;line-height:inherit}.elementor-widget-heading .elementor-heading-title.elementor-size-small{font-size:15px}.elementor-widget-heading .elementor-heading-title.elementor-size-medium{font-size:19px}.elementor-widget-heading .elementor-heading-title.elementor-size-large{font-size:29px}.elementor-widget-heading .elementor-heading-title.elementor-size-xl{font-size:39px}.elementor-widget-heading .elementor-heading-title.elementor-size-xxl{font-size:59px}<\/style><h2 class=\"elementor-heading-title elementor-size-default\">\u0130\u015f Ba\u015fvuru Formu<\/h2>\t\t<\/div>\n\t\t\t\t<\/div>\n\t\t\t\t\t<\/div>\n\t\t\t\t<\/div>\n\t\t<div class=\"elementor-element elementor-element-6fe48fd e-flex e-con-boxed e-con e-parent\" data-id=\"6fe48fd\" data-element_type=\"container\" data-settings=\"{&quot;content_width&quot;:&quot;boxed&quot;}\" data-core-v316-plus=\"true\">\n\t\t\t\t\t<div class=\"e-con-inner\">\n\t\t\t\t<div class=\"elementor-element elementor-element-d08fb15 elementor-widget elementor-widget-ld_cf722\" data-id=\"d08fb15\" data-element_type=\"widget\" data-widget_type=\"ld_cf722.default\">\n\t\t\t\t<div class=\"elementor-widget-container\">\n\t\t\t\n\t<div class=\"lqd-contact-form         \">\n\t\t\n<div class=\"wpcf7 no-js\" id=\"wpcf7-f7751-o1\" lang=\"tr-TR\" dir=\"ltr\">\n<div class=\"screen-reader-response\"><p role=\"status\" aria-live=\"polite\" aria-atomic=\"true\"><\/p> <ul><\/ul><\/div>\n<form action=\"\/tr\/wp-json\/wp\/v2\/pages\/7479#wpcf7-f7751-o1\" method=\"post\" class=\"wpcf7-form init\" aria-label=\"Contact form\" enctype=\"multipart\/form-data\" novalidate=\"novalidate\" data-status=\"init\">\n<div style=\"display: none;\">\n<input type=\"hidden\" name=\"_wpcf7\" value=\"7751\" \/>\n<input type=\"hidden\" name=\"_wpcf7_version\" value=\"5.8.4\" \/>\n<input type=\"hidden\" name=\"_wpcf7_locale\" value=\"tr_TR\" \/>\n<input type=\"hidden\" name=\"_wpcf7_unit_tag\" value=\"wpcf7-f7751-o1\" \/>\n<input type=\"hidden\" name=\"_wpcf7_container_post\" value=\"0\" \/>\n<input type=\"hidden\" name=\"_wpcf7_posted_data_hash\" value=\"\" \/>\n<\/div>\n<div class=\"row\">\n\t<div class=\"col-md-6\">\n\t\t<p><span class=\"wpcf7-form-control-wrap\" data-name=\"name-619\"><input size=\"40\" class=\"wpcf7-form-control wpcf7-text wpcf7-validates-as-required\" aria-required=\"true\" aria-invalid=\"false\" placeholder=\"Ad Soyad\" value=\"\" type=\"text\" name=\"name-619\" \/><\/span>\n\t\t<\/p>\n\t<\/div>\n\t<div class=\"col-md-6\">\n\t\t<p><span class=\"wpcf7-form-control-wrap\" data-name=\"email-899\"><input size=\"40\" class=\"wpcf7-form-control wpcf7-email wpcf7-validates-as-required wpcf7-text wpcf7-validates-as-email\" aria-required=\"true\" aria-invalid=\"false\" placeholder=\"Eposta\" value=\"\" type=\"email\" name=\"email-899\" \/><\/span>\n\t\t<\/p>\n\t<\/div>\n\t<div class=\"col-md-6\">\n\t\t<p><span class=\"wpcf7-form-control-wrap\" data-name=\"tel-957\"><input size=\"40\" class=\"wpcf7-form-control wpcf7-tel wpcf7-text wpcf7-validates-as-tel\" aria-invalid=\"false\" placeholder=\"Telefon\" value=\"\" type=\"tel\" name=\"tel-957\" \/><\/span>\n\t\t<\/p>\n\t<\/div>\n\t<div class=\"col-md-6\">\n\t\t<p><span class=\"wpcf7-form-control-wrap\" data-name=\"subject-353\"><input size=\"40\" class=\"wpcf7-form-control wpcf7-text wpcf7-validates-as-required\" aria-required=\"true\" aria-invalid=\"false\" placeholder=\"Konu\" value=\"\" type=\"text\" name=\"subject-353\" \/><\/span>\n\t\t<\/p>\n\t<\/div>\n\t<div class=\"col-md-12\">\n\t\t<p><span class=\"wpcf7-form-control-wrap\" data-name=\"message-889\"><textarea cols=\"10\" rows=\"4\" class=\"wpcf7-form-control wpcf7-textarea wpcf7-validates-as-required\" aria-required=\"true\" aria-invalid=\"false\" placeholder=\"Mesaj\u0131n\u0131z\" name=\"message-889\"><\/textarea><\/span>\n\t\t<\/p>\n\t<\/div>\n\t<div class=\"col-md-12\">\n\t\t<p><span class=\"wpcf7-form-control-wrap\" data-name=\"file-603\"><input size=\"40\" class=\"wpcf7-form-control wpcf7-file\" accept=\"audio\/*,video\/*,image\/*\" aria-invalid=\"false\" type=\"file\" name=\"file-603\" \/><\/span>\n\t\t<\/p>\n\t<\/div>\n\t<div class=\"col-md-12\">\n\t\t<p><input class=\"wpcf7-form-control wpcf7-submit has-spinner\" type=\"submit\" value=\"G\u00f6nder\" \/>\n\t\t<\/p>\n\t<\/div>\n<\/div><div class=\"wpcf7-response-output\" aria-hidden=\"true\"><\/div>\n<\/form>\n<\/div>\n\t<\/div>\n\n\t\t\t<\/div>\n\t\t\t\t<\/div>\n\t\t\t\t\t<\/div>\n\t\t\t\t<\/div>\n\t\t\t\t\t\t\t<\/div>\n\t\t","protected":false},"excerpt":{"rendered":"<p>Makner Kariyer 08\/2023 Pozisyon: Mekanik Montaj Operat\u00f6r\u00fc Yer: \u0130zmir\u0130\u015f T\u00fcr\u00fc: Tam Zamanl\u0131 Tan\u0131m: Ekibimize kat\u0131lmak \u00fczere el becerisi geli\u015fmi\u015f ve detay odakl\u0131 bir Mekanik Montaj Operat\u00f6r\u00fc ar\u0131yoruz. Mekanik montaj konusunda deneyimli, hassasiyet konusunda \u00f6zenli ve kaliteli i\u015f \u00fcretme kararl\u0131l\u0131\u011f\u0131na sahip olunmal\u0131d\u0131r. Karma\u015f\u0131k sistemleri bir araya getirme ve i\u015flevselliklerini sa\u011flama konusunda istekliyseniz ba\u015fvurman\u0131z\u0131 \u00f6neririz. Sorumluluklar: M\u00fchendislik [&hellip;]<\/p>\n","protected":false},"author":1,"featured_media":0,"parent":0,"menu_order":0,"comment_status":"closed","ping_status":"closed","template":"","meta":{"footnotes":""},"class_list":["post-7479","page","type-page","status-publish","hentry"],"_links":{"self":[{"href":"https:\/\/maknerteknoloji.com\/tr\/wp-json\/wp\/v2\/pages\/7479","targetHints":{"allow":["GET"]}}],"collection":[{"href":"https:\/\/maknerteknoloji.com\/tr\/wp-json\/wp\/v2\/pages"}],"about":[{"href":"https:\/\/maknerteknoloji.com\/tr\/wp-json\/wp\/v2\/types\/page"}],"author":[{"embeddable":true,"href":"https:\/\/maknerteknoloji.com\/tr\/wp-json\/wp\/v2\/users\/1"}],"replies":[{"embeddable":true,"href":"https:\/\/maknerteknoloji.com\/tr\/wp-json\/wp\/v2\/comments?post=7479"}],"version-history":[{"count":8,"href":"https:\/\/maknerteknoloji.com\/tr\/wp-json\/wp\/v2\/pages\/7479\/revisions"}],"predecessor-version":[{"id":7722,"href":"https:\/\/maknerteknoloji.com\/tr\/wp-json\/wp\/v2\/pages\/7479\/revisions\/7722"}],"wp:attachment":[{"href":"https:\/\/maknerteknoloji.com\/tr\/wp-json\/wp\/v2\/media?parent=7479"}],"curies":[{"name":"wp","href":"https:\/\/api.w.org\/{rel}","templated":true}]}}