{"id":7507,"date":"2023-06-09T12:57:23","date_gmt":"2023-06-09T09:57:23","guid":{"rendered":"https:\/\/maknerteknoloji.com\/news\/"},"modified":"2024-10-20T22:46:29","modified_gmt":"2024-10-20T19:46:29","slug":"son-gonderiler","status":"publish","type":"page","link":"https:\/\/maknerteknoloji.com\/tr\/son-gonderiler\/","title":{"rendered":"Son G\u00f6nderiler"},"content":{"rendered":"\t\t<div data-elementor-type=\"wp-page\" data-elementor-id=\"7507\" class=\"elementor elementor-7507 elementor-6407\">\n\t\t\t\t\t\t\t\t\t<section class=\"elementor-section elementor-top-section elementor-element elementor-element-edec8c7 elementor-section-boxed elementor-section-height-default elementor-section-height-default\" data-id=\"edec8c7\" data-element_type=\"section\" data-settings=\"{&quot;background_background&quot;:&quot;classic&quot;}\">\n\t\t\t\t\t\t<div class=\"elementor-container elementor-column-gap-default\">\n\t\t\t\t\t<div class=\"elementor-column elementor-col-100 elementor-top-column elementor-element elementor-element-bd68096\" data-id=\"bd68096\" data-element_type=\"column\">\n\t\t\t<div class=\"elementor-widget-wrap elementor-element-populated\">\n\t\t\t\t\t\t\t\t<div class=\"elementor-element elementor-element-368fe0c elementor-widget elementor-widget-hub_fancy_heading\" data-id=\"368fe0c\" data-element_type=\"widget\" data-widget_type=\"hub_fancy_heading.default\">\n\t\t\t\t<div class=\"elementor-widget-container\">\n\t\t\t\n\t\t<div id=\"ld-fancy-heading-69f53d58cfefd\" class=\"ld-fancy-heading pos-rel\">\n\t\t\t<h6 class=\"ld-fh-element d-inline-block pos-rel  elementor-heading-title lqd-highlight-classic lqd-highlight-grow-left h6\"  > MAKNER<\/h6>\t\t<\/div>\n\n\t\t\t\t<\/div>\n\t\t\t\t<\/div>\n\t\t\t\t<section class=\"elementor-section elementor-inner-section elementor-element elementor-element-1aed692 elementor-section-boxed elementor-section-height-default elementor-section-height-default\" data-id=\"1aed692\" data-element_type=\"section\">\n\t\t\t\t\t\t<div class=\"elementor-container elementor-column-gap-default\">\n\t\t\t\t\t<div class=\"elementor-column elementor-col-100 elementor-inner-column elementor-element elementor-element-0d588c4\" data-id=\"0d588c4\" data-element_type=\"column\">\n\t\t\t<div class=\"elementor-widget-wrap elementor-element-populated\">\n\t\t\t\t\t\t\t\t<div class=\"elementor-element elementor-element-c44cc7a elementor-widget elementor-widget-hub_fancy_heading\" data-id=\"c44cc7a\" data-element_type=\"widget\" data-widget_type=\"hub_fancy_heading.default\">\n\t\t\t\t<div class=\"elementor-widget-container\">\n\t\t\t\n\t\t<div id=\"ld-fancy-heading-69f53d58d1068\" class=\"ld-fancy-heading pos-rel\">\n\t\t\t<h1 class=\"ld-fh-element d-inline-block pos-rel  elementor-heading-title lqd-highlight-classic lqd-highlight-grow-left h1\"  > G\u00f6nderiler<\/h1>\t\t<\/div>\n\n\t\t\t\t<\/div>\n\t\t\t\t<\/div>\n\t\t\t\t\t<\/div>\n\t\t<\/div>\n\t\t\t\t\t\t\t<\/div>\n\t\t<\/section>\n\t\t\t\t\t<\/div>\n\t\t<\/div>\n\t\t\t\t\t\t\t<\/div>\n\t\t<\/section>\n\t\t<div class=\"elementor-element elementor-element-eb753a0 e-flex e-con-boxed e-con e-parent\" data-id=\"eb753a0\" data-element_type=\"container\" data-settings=\"{&quot;content_width&quot;:&quot;boxed&quot;}\" data-core-v316-plus=\"true\">\n\t\t\t\t\t<div class=\"e-con-inner\">\n\t\t\t\t<div class=\"elementor-element elementor-element-e06ebf9 elementor-widget elementor-widget-ld_blog\" data-id=\"e06ebf9\" data-element_type=\"widget\" data-widget_type=\"ld_blog.default\">\n\t\t\t\t<div class=\"elementor-widget-container\">\n\t\t\t<div class=\"lqd-lp-grid e06ebf9 blog-id-235334649 \"><div class=\"lqd-lp-row row pos-rel d-flex flex-wrap\" ><div class=\"lqd-lp-column d-flex flex-column col-md-4 col-sm-6 uncategorized-tr\"><article id=\"post-8019\" class=\"lqd-lp pos-rel lqd-lp-style-3 text-start post-8019 post type-post status-publish format-standard has-post-thumbnail hentry category-uncategorized-tr\"><div class=\"lqd-lp-img mb-5\"><figure class=\"pos-rel overflow-hidden border-radius-6\"><img fetchpriority=\"high\" decoding=\"async\" width=\"700\" height=\"450\" src=\"https:\/\/maknerteknoloji.com\/wp-content\/uploads\/2026\/04\/WhatsApp-Image-2026-04-28-at-18.06.13-700x450.jpeg\" class=\"w-100 wp-post-image\" alt=\"\" itemprop=\"image\" \/><div class=\"lqd-overlay d-flex align-items-center justify-content-center\">\n\t\t\t<div class=\"lqd-overlay lqd-overlay-bg\"><\/div>\n\t\t\t<i class=\"lqd-icn-ess icon-md-arrow-forward\"><\/i>\n\t\t<\/div><\/figure><\/div><header class=\"lqd-lp-header\">\n\t<div class=\"lqd-lp-meta lqd-lp-meta-dot-between d-flex flex-wrap align-items-center font-weight-bold text-uppercase ltr-sp-1\">\n\t\t\t\t<time class=\"lqd-lp-date\" datetime=\"2026-04-30T14:27:45+03:00\">2 g\u00fcn ago<\/time>\t<\/div>\n\t<h2 class=\"entry-title lqd-lp-title h5 mt-3 mb-0\"><a  href=\"https:\/\/maknerteknoloji.com\/tr\/3-inovasyon-ve-teknoloji-odulleri\/\" rel=\"bookmark\">3. \u0130novasyon ve Teknoloji \u00d6d\u00fclleri<\/a><\/h2><\/header>\n<a  href=\"https:\/\/maknerteknoloji.com\/tr\/3-inovasyon-ve-teknoloji-odulleri\/\" class=\"lqd-lp-overlay-link lqd-overlay z-index-2\"><\/a>\n<\/article><\/div><div class=\"lqd-lp-column d-flex flex-column col-md-4 col-sm-6 uncategorized-tr\"><article id=\"post-8012\" class=\"lqd-lp pos-rel lqd-lp-style-3 text-start post-8012 post type-post status-publish format-standard has-post-thumbnail hentry category-uncategorized-tr\"><div class=\"lqd-lp-img mb-5\"><figure class=\"pos-rel overflow-hidden border-radius-6\"><img decoding=\"async\" width=\"700\" height=\"450\" src=\"data:image\/svg+xml;charset=utf-8,%3Csvg xmlns%3D&#039;http%3A%2F%2Fwww.w3.org%2F2000%2Fsvg&#039; viewBox%3D&#039;0 0 700 450&#039;%2F%3E\" class=\"w-100 ld-lazyload wp-post-image\" alt=\"\" itemprop=\"image\" data-src=\"https:\/\/maknerteknoloji.com\/wp-content\/uploads\/2026\/04\/MAKNER_SAHA-700x450.png\" data-aspect=\"1.5555555555556\" \/><div class=\"lqd-overlay d-flex align-items-center justify-content-center\">\n\t\t\t<div class=\"lqd-overlay lqd-overlay-bg\"><\/div>\n\t\t\t<i class=\"lqd-icn-ess icon-md-arrow-forward\"><\/i>\n\t\t<\/div><\/figure><\/div><header class=\"lqd-lp-header\">\n\t<div class=\"lqd-lp-meta lqd-lp-meta-dot-between d-flex flex-wrap align-items-center font-weight-bold text-uppercase ltr-sp-1\">\n\t\t\t\t<time class=\"lqd-lp-date\" datetime=\"2026-04-30T14:24:09+03:00\">2 g\u00fcn ago<\/time>\t<\/div>\n\t<h2 class=\"entry-title lqd-lp-title h5 mt-3 mb-0\"><a  href=\"https:\/\/maknerteknoloji.com\/tr\/saha-expo\/\" rel=\"bookmark\">SAHA Expo<\/a><\/h2><\/header>\n<a  href=\"https:\/\/maknerteknoloji.com\/tr\/saha-expo\/\" class=\"lqd-lp-overlay-link lqd-overlay z-index-2\"><\/a>\n<\/article><\/div><div class=\"lqd-lp-column d-flex flex-column col-md-4 col-sm-6 uncategorized-tr\"><article id=\"post-7876\" class=\"lqd-lp pos-rel lqd-lp-style-3 text-start post-7876 post type-post status-publish format-standard has-post-thumbnail hentry category-uncategorized-tr\"><div class=\"lqd-lp-img mb-5\"><figure class=\"pos-rel overflow-hidden border-radius-6\"><img decoding=\"async\" width=\"700\" height=\"450\" src=\"data:image\/svg+xml;charset=utf-8,%3Csvg xmlns%3D&#039;http%3A%2F%2Fwww.w3.org%2F2000%2Fsvg&#039; viewBox%3D&#039;0 0 700 450&#039;%2F%3E\" class=\"w-100 ld-lazyload wp-post-image\" alt=\"\" itemprop=\"image\" data-src=\"https:\/\/maknerteknoloji.com\/wp-content\/uploads\/2024\/10\/tubitak-700x450.jpg\" data-aspect=\"1.5555555555556\" \/><div class=\"lqd-overlay d-flex align-items-center justify-content-center\">\n\t\t\t<div class=\"lqd-overlay lqd-overlay-bg\"><\/div>\n\t\t\t<i class=\"lqd-icn-ess icon-md-arrow-forward\"><\/i>\n\t\t<\/div><\/figure><\/div><header class=\"lqd-lp-header\">\n\t<div class=\"lqd-lp-meta lqd-lp-meta-dot-between d-flex flex-wrap align-items-center font-weight-bold text-uppercase ltr-sp-1\">\n\t\t\t\t<time class=\"lqd-lp-date\" datetime=\"2024-10-20T22:37:16+03:00\">2 y\u0131l ago<\/time>\t<\/div>\n\t<h2 class=\"entry-title lqd-lp-title h5 mt-3 mb-0\"><a  href=\"https:\/\/maknerteknoloji.com\/tr\/yeni-projemiz-icin-ekibimizi-kutluyoruz\/\" rel=\"bookmark\">Yeni projemiz i\u00e7in ekibimizi kutluyoruz<\/a><\/h2><\/header>\n<a  href=\"https:\/\/maknerteknoloji.com\/tr\/yeni-projemiz-icin-ekibimizi-kutluyoruz\/\" class=\"lqd-lp-overlay-link lqd-overlay z-index-2\"><\/a>\n<\/article><\/div><div class=\"lqd-lp-column d-flex flex-column col-md-4 col-sm-6 uncategorized-tr\"><article id=\"post-7865\" class=\"lqd-lp pos-rel lqd-lp-style-3 text-start post-7865 post type-post status-publish format-standard has-post-thumbnail hentry category-uncategorized-tr\"><div class=\"lqd-lp-img mb-5\"><figure class=\"pos-rel overflow-hidden border-radius-6\"><img loading=\"lazy\" decoding=\"async\" width=\"700\" height=\"450\" src=\"data:image\/svg+xml;charset=utf-8,%3Csvg xmlns%3D&#039;http%3A%2F%2Fwww.w3.org%2F2000%2Fsvg&#039; viewBox%3D&#039;0 0 700 450&#039;%2F%3E\" class=\"w-100 ld-lazyload wp-post-image\" alt=\"\" itemprop=\"image\" data-src=\"https:\/\/maknerteknoloji.com\/wp-content\/uploads\/2024\/10\/expotr-700x450.jpg\" data-aspect=\"1.5555555555556\" \/><div class=\"lqd-overlay d-flex align-items-center justify-content-center\">\n\t\t\t<div class=\"lqd-overlay lqd-overlay-bg\"><\/div>\n\t\t\t<i class=\"lqd-icn-ess icon-md-arrow-forward\"><\/i>\n\t\t<\/div><\/figure><\/div><header class=\"lqd-lp-header\">\n\t<div class=\"lqd-lp-meta lqd-lp-meta-dot-between d-flex flex-wrap align-items-center font-weight-bold text-uppercase ltr-sp-1\">\n\t\t\t\t<time class=\"lqd-lp-date\" datetime=\"2024-10-20T22:31:33+03:00\">2 y\u0131l ago<\/time>\t<\/div>\n\t<h2 class=\"entry-title lqd-lp-title h5 mt-3 mb-0\"><a  href=\"https:\/\/maknerteknoloji.com\/tr\/uluslararasi-saha-expo-savunma-havacilik-ve-uzay-fuari\/\" rel=\"bookmark\">Uluslararas\u0131 Saha Expo Savunma Havac\u0131l\u0131k ve Uzay Fuar\u0131<\/a><\/h2><\/header>\n<a  href=\"https:\/\/maknerteknoloji.com\/tr\/uluslararasi-saha-expo-savunma-havacilik-ve-uzay-fuari\/\" class=\"lqd-lp-overlay-link lqd-overlay z-index-2\"><\/a>\n<\/article><\/div><div class=\"lqd-lp-column d-flex flex-column col-md-4 col-sm-6 uncategorized-tr\"><article id=\"post-7853\" class=\"lqd-lp pos-rel lqd-lp-style-3 text-start post-7853 post type-post status-publish format-standard has-post-thumbnail hentry category-uncategorized-tr\"><div class=\"lqd-lp-img mb-5\"><figure class=\"pos-rel overflow-hidden border-radius-6\"><img loading=\"lazy\" decoding=\"async\" width=\"700\" height=\"450\" src=\"data:image\/svg+xml;charset=utf-8,%3Csvg xmlns%3D&#039;http%3A%2F%2Fwww.w3.org%2F2000%2Fsvg&#039; viewBox%3D&#039;0 0 700 450&#039;%2F%3E\" class=\"w-100 ld-lazyload wp-post-image\" alt=\"\" itemprop=\"image\" data-src=\"https:\/\/maknerteknoloji.com\/wp-content\/uploads\/2024\/10\/teknokent-700x450.jpg\" data-aspect=\"1.5555555555556\" \/><div class=\"lqd-overlay d-flex align-items-center justify-content-center\">\n\t\t\t<div class=\"lqd-overlay lqd-overlay-bg\"><\/div>\n\t\t\t<i class=\"lqd-icn-ess icon-md-arrow-forward\"><\/i>\n\t\t<\/div><\/figure><\/div><header class=\"lqd-lp-header\">\n\t<div class=\"lqd-lp-meta lqd-lp-meta-dot-between d-flex flex-wrap align-items-center font-weight-bold text-uppercase ltr-sp-1\">\n\t\t\t\t<time class=\"lqd-lp-date\" datetime=\"2024-10-20T22:21:05+03:00\">2 y\u0131l ago<\/time>\t<\/div>\n\t<h2 class=\"entry-title lqd-lp-title h5 mt-3 mb-0\"><a  href=\"https:\/\/maknerteknoloji.com\/tr\/firma-adresimiz-degismistir\/\" rel=\"bookmark\">Firma adresimiz de\u011fi\u015fmi\u015ftir.<\/a><\/h2><\/header>\n<a  href=\"https:\/\/maknerteknoloji.com\/tr\/firma-adresimiz-degismistir\/\" class=\"lqd-lp-overlay-link lqd-overlay z-index-2\"><\/a>\n<\/article><\/div><div class=\"lqd-lp-column d-flex flex-column col-md-4 col-sm-6 kosgeb-tr\"><article id=\"post-7552\" class=\"lqd-lp pos-rel lqd-lp-style-3 text-start post-7552 post type-post status-publish format-standard has-post-thumbnail hentry category-kosgeb-tr\"><div class=\"lqd-lp-img mb-5\"><figure class=\"pos-rel overflow-hidden border-radius-6\"><img loading=\"lazy\" decoding=\"async\" width=\"700\" height=\"450\" src=\"data:image\/svg+xml;charset=utf-8,%3Csvg xmlns%3D&#039;http%3A%2F%2Fwww.w3.org%2F2000%2Fsvg&#039; viewBox%3D&#039;0 0 700 450&#039;%2F%3E\" class=\"w-100 ld-lazyload wp-post-image\" alt=\"\" itemprop=\"image\" data-src=\"https:\/\/maknerteknoloji.com\/wp-content\/uploads\/2023\/08\/kosgeb-700x450.jpg\" data-aspect=\"1.5555555555556\" \/><div class=\"lqd-overlay d-flex align-items-center justify-content-center\">\n\t\t\t<div class=\"lqd-overlay lqd-overlay-bg\"><\/div>\n\t\t\t<i class=\"lqd-icn-ess icon-md-arrow-forward\"><\/i>\n\t\t<\/div><\/figure><\/div><header class=\"lqd-lp-header\">\n\t<div class=\"lqd-lp-meta lqd-lp-meta-dot-between d-flex flex-wrap align-items-center font-weight-bold text-uppercase ltr-sp-1\">\n\t\t\t\t<time class=\"lqd-lp-date\" datetime=\"2023-08-17T11:35:27+03:00\">3 y\u0131l ago<\/time>\t<\/div>\n\t<h2 class=\"entry-title lqd-lp-title h5 mt-3 mb-0\"><a  href=\"https:\/\/maknerteknoloji.com\/tr\/kosgeb-ar-ge\/\" rel=\"bookmark\">KOSGEB AR &#038; GE<\/a><\/h2><\/header>\n<a  href=\"https:\/\/maknerteknoloji.com\/tr\/kosgeb-ar-ge\/\" class=\"lqd-lp-overlay-link lqd-overlay z-index-2\"><\/a>\n<\/article><\/div><div class=\"lqd-lp-column d-flex flex-column col-md-4 col-sm-6 book-chapter-tr\"><article id=\"post-7556\" class=\"lqd-lp pos-rel lqd-lp-style-3 text-start post-7556 post type-post status-publish format-standard has-post-thumbnail hentry category-book-chapter-tr\"><div class=\"lqd-lp-img mb-5\"><figure class=\"pos-rel overflow-hidden border-radius-6\"><img loading=\"lazy\" decoding=\"async\" width=\"700\" height=\"450\" src=\"data:image\/svg+xml;charset=utf-8,%3Csvg xmlns%3D&#039;http%3A%2F%2Fwww.w3.org%2F2000%2Fsvg&#039; viewBox%3D&#039;0 0 700 450&#039;%2F%3E\" class=\"w-100 ld-lazyload wp-post-image\" alt=\"\" itemprop=\"image\" data-src=\"https:\/\/maknerteknoloji.com\/wp-content\/uploads\/2023\/08\/Designing-Engineering-Structures-using-Stochastic-Optimization-Methods-700x450.jpg\" data-aspect=\"1.5555555555556\" \/><div class=\"lqd-overlay d-flex align-items-center justify-content-center\">\n\t\t\t<div class=\"lqd-overlay lqd-overlay-bg\"><\/div>\n\t\t\t<i class=\"lqd-icn-ess icon-md-arrow-forward\"><\/i>\n\t\t<\/div><\/figure><\/div><header class=\"lqd-lp-header\">\n\t<div class=\"lqd-lp-meta lqd-lp-meta-dot-between d-flex flex-wrap align-items-center font-weight-bold text-uppercase ltr-sp-1\">\n\t\t\t\t<time class=\"lqd-lp-date\" datetime=\"2023-08-17T11:28:43+03:00\">3 y\u0131l ago<\/time>\t<\/div>\n\t<h2 class=\"entry-title lqd-lp-title h5 mt-3 mb-0\"><a  href=\"https:\/\/maknerteknoloji.com\/tr\/designing-engineering-structures-using-stochastic-optimization-methods\/\" rel=\"bookmark\">Designing Engineering Structures using Stochastic Optimization Methods<\/a><\/h2><\/header>\n<a  href=\"https:\/\/maknerteknoloji.com\/tr\/designing-engineering-structures-using-stochastic-optimization-methods\/\" class=\"lqd-lp-overlay-link lqd-overlay z-index-2\"><\/a>\n<\/article><\/div><div class=\"lqd-lp-column d-flex flex-column col-md-4 col-sm-6 certificate-tr\"><article id=\"post-7559\" class=\"lqd-lp pos-rel lqd-lp-style-3 text-start post-7559 post type-post status-publish format-standard has-post-thumbnail hentry category-certificate-tr\"><div class=\"lqd-lp-img mb-5\"><figure class=\"pos-rel overflow-hidden border-radius-6\"><img loading=\"lazy\" decoding=\"async\" width=\"700\" height=\"450\" src=\"data:image\/svg+xml;charset=utf-8,%3Csvg xmlns%3D&#039;http%3A%2F%2Fwww.w3.org%2F2000%2Fsvg&#039; viewBox%3D&#039;0 0 700 450&#039;%2F%3E\" class=\"w-100 ld-lazyload wp-post-image\" alt=\"\" itemprop=\"image\" data-src=\"https:\/\/maknerteknoloji.com\/wp-content\/uploads\/2023\/08\/iso-belge-700x450.jpg\" data-aspect=\"1.5555555555556\" \/><div class=\"lqd-overlay d-flex align-items-center justify-content-center\">\n\t\t\t<div class=\"lqd-overlay lqd-overlay-bg\"><\/div>\n\t\t\t<i class=\"lqd-icn-ess icon-md-arrow-forward\"><\/i>\n\t\t<\/div><\/figure><\/div><header class=\"lqd-lp-header\">\n\t<div class=\"lqd-lp-meta lqd-lp-meta-dot-between d-flex flex-wrap align-items-center font-weight-bold text-uppercase ltr-sp-1\">\n\t\t\t\t<time class=\"lqd-lp-date\" datetime=\"2023-08-15T15:20:44+03:00\">3 y\u0131l ago<\/time>\t<\/div>\n\t<h2 class=\"entry-title lqd-lp-title h5 mt-3 mb-0\"><a  href=\"https:\/\/maknerteknoloji.com\/tr\/iso-belgemiz\/\" rel=\"bookmark\">ISO Belgemiz<\/a><\/h2><\/header>\n<a  href=\"https:\/\/maknerteknoloji.com\/tr\/iso-belgemiz\/\" class=\"lqd-lp-overlay-link lqd-overlay z-index-2\"><\/a>\n<\/article><\/div><div class=\"lqd-lp-column d-flex flex-column col-md-4 col-sm-6 trademark-registration-tr\"><article id=\"post-7565\" class=\"lqd-lp pos-rel lqd-lp-style-3 text-start post-7565 post type-post status-publish format-standard has-post-thumbnail hentry category-trademark-registration-tr\"><div class=\"lqd-lp-img mb-5\"><figure class=\"pos-rel overflow-hidden border-radius-6\"><img loading=\"lazy\" decoding=\"async\" width=\"700\" height=\"450\" src=\"data:image\/svg+xml;charset=utf-8,%3Csvg xmlns%3D&#039;http%3A%2F%2Fwww.w3.org%2F2000%2Fsvg&#039; viewBox%3D&#039;0 0 700 450&#039;%2F%3E\" class=\"w-100 ld-lazyload wp-post-image\" alt=\"\" itemprop=\"image\" data-src=\"https:\/\/maknerteknoloji.com\/wp-content\/uploads\/2023\/09\/marka-tescil-belgesi-700x450.jpg\" data-aspect=\"1.5555555555556\" \/><div class=\"lqd-overlay d-flex align-items-center justify-content-center\">\n\t\t\t<div class=\"lqd-overlay lqd-overlay-bg\"><\/div>\n\t\t\t<i class=\"lqd-icn-ess icon-md-arrow-forward\"><\/i>\n\t\t<\/div><\/figure><\/div><header class=\"lqd-lp-header\">\n\t<div class=\"lqd-lp-meta lqd-lp-meta-dot-between d-flex flex-wrap align-items-center font-weight-bold text-uppercase ltr-sp-1\">\n\t\t\t\t<time class=\"lqd-lp-date\" datetime=\"2023-08-10T09:00:12+03:00\">3 y\u0131l ago<\/time>\t<\/div>\n\t<h2 class=\"entry-title lqd-lp-title h5 mt-3 mb-0\"><a  href=\"https:\/\/maknerteknoloji.com\/tr\/marka-tescil-belgemiz\/\" rel=\"bookmark\">Marka Tescil Belgemiz<\/a><\/h2><\/header>\n<a  href=\"https:\/\/maknerteknoloji.com\/tr\/marka-tescil-belgemiz\/\" class=\"lqd-lp-overlay-link lqd-overlay z-index-2\"><\/a>\n<\/article><\/div><\/div><!--\/ .row --><\/div><!--\/ .lqd-lp-grid -->\t\t<\/div>\n\t\t\t\t<\/div>\n\t\t\t\t\t<\/div>\n\t\t\t\t<\/div>\n\t\t\t\t\t\t\t<\/div>\n\t\t","protected":false},"excerpt":{"rendered":"<p>MAKNER G\u00f6nderiler 9 mins ago Yeni projemiz i\u00e7in ekibimizi kutluyoruz 15 mins ago Uluslararas\u0131 Saha Expo Savunma Havac\u0131l\u0131k ve Uzay Fuar\u0131 25 mins ago Firma adresimiz de\u011fi\u015fmi\u015ftir. 1 year ago KOSGEB AR &#038; GE 1 year ago Designing Engineering Structures using Stochastic Optimization Methods 1 year ago ISO Belgemiz 1 year ago Marka Tescil Belgemiz<\/p>\n","protected":false},"author":1,"featured_media":0,"parent":0,"menu_order":0,"comment_status":"closed","ping_status":"closed","template":"","meta":{"footnotes":""},"class_list":["post-7507","page","type-page","status-publish","hentry"],"_links":{"self":[{"href":"https:\/\/maknerteknoloji.com\/tr\/wp-json\/wp\/v2\/pages\/7507","targetHints":{"allow":["GET"]}}],"collection":[{"href":"https:\/\/maknerteknoloji.com\/tr\/wp-json\/wp\/v2\/pages"}],"about":[{"href":"https:\/\/maknerteknoloji.com\/tr\/wp-json\/wp\/v2\/types\/page"}],"author":[{"embeddable":true,"href":"https:\/\/maknerteknoloji.com\/tr\/wp-json\/wp\/v2\/users\/1"}],"replies":[{"embeddable":true,"href":"https:\/\/maknerteknoloji.com\/tr\/wp-json\/wp\/v2\/comments?post=7507"}],"version-history":[{"count":9,"href":"https:\/\/maknerteknoloji.com\/tr\/wp-json\/wp\/v2\/pages\/7507\/revisions"}],"predecessor-version":[{"id":7892,"href":"https:\/\/maknerteknoloji.com\/tr\/wp-json\/wp\/v2\/pages\/7507\/revisions\/7892"}],"wp:attachment":[{"href":"https:\/\/maknerteknoloji.com\/tr\/wp-json\/wp\/v2\/media?parent=7507"}],"curies":[{"name":"wp","href":"https:\/\/api.w.org\/{rel}","templated":true}]}}